{"id":67,"date":"2023-07-25T14:07:05","date_gmt":"2023-07-25T12:07:05","guid":{"rendered":"http:\/\/eom.roomtrix.de\/?page_id=67"},"modified":"2023-11-08T08:39:37","modified_gmt":"2023-11-08T07:39:37","slug":"contact","status":"publish","type":"page","link":"https:\/\/eom-dl.eu\/fr\/contact\/","title":{"rendered":"Contact"},"content":{"rendered":"\n<p><a rel=\"noreferrer noopener\" href=\"mailto:info@eom-dl.eu\" target=\"_blank\"><strong>info@eom-dl.eu<\/strong><\/a><\/p>\n\n\n\n<p><strong>T\u00e9l: +352 75 01 39&nbsp;&nbsp;<\/strong><\/p>\n\n\n\n<p><strong>Entwicklungskonzept Oberes Moseltal<br>23, route de Tr\u00e8ves&nbsp;&nbsp;&nbsp;&nbsp;&nbsp;&nbsp; L-6793 Grevenmacher<br><a href=\"https:\/\/www.google.com\/maps\/place\/23+Rte+de+Tr%C3%A8ves,+6793+Grevenmacher\/@49.6792049,6.4411024,17z\/data=!3m1!4b1!4m6!3m5!1s0x4795662bdbfe1b37:0xa8c5a938065bc812!8m2!3d49.6792049!4d6.4436773!16s%2Fg%2F11cscshrdp?entry=ttu\" target=\"_blank\" rel=\"noreferrer noopener\">&gt; Plan d&rsquo;acc\u00e8s (s&rsquo;ouvre sur Google Maps)<\/a><\/strong><\/p>\n\n\n\n<p>&nbsp;&nbsp;&nbsp;<\/p>\n\n\n\n<div class=\"wp-block-contact-form-7-contact-form-selector\"><p class=\"wpcf7-contact-form-not-found\"><strong>Erreur\u00a0:<\/strong> Formulaire de contact non trouv\u00e9\u00a0!<\/p><\/div>\n\n\n\n<style>\r\n\/* \r\n** Contact Form 7 Styles \r\n*\/\r\n\r\n.wpcf7-form input[type=\"text\"], \r\n.wpcf7-form input[type=\"email\"], \r\n.wpcf7-form input[type=\"url\"], \r\n.wpcf7-form input[type=\"password\"], \r\n.wpcf7-form input[type=\"search\"], \r\n.wpcf7-form input[type=\"number\"], \r\n.wpcf7-form input[type=\"tel\"], \r\n.wpcf7-form textarea {\r\n    color: #1f252b;\r\n    width: 80%;\r\n    padding: 12px 16px;\r\n    border-radius: 0;\r\n    border: 0;\r\nbackground:#99ccff;\r\n}\r\n\r\n.wpcf7-form p {\r\n    margin: 0 0 28px;\r\n}\r\n\r\n.wpcf7-text:focus, \r\n.wpcf7-textarea:focus {\r\n    outline: 1px solid rgba(84, 222, 197, 0.9);\r\n    outline-offset: 0;\r\n}\r\n\r\ndiv.wpcf7-mail-sent-ok {\r\n    border: 0;\r\n    background: #5471de;\r\n    color: #fff;\r\n    padding: 18px;\r\n}\r\n\r\ndiv.wpcf7-acceptance-missing,\r\ndiv.wpcf7-validation-errors {\r\n    border: 0;\r\n    background: #f9443b;\r\n    color: #fff;\r\n    padding: 18px;\r\n}\r\n\r\nspan.wpcf7-not-valid-tip {\r\n    color: #f9443b;\r\n}\r\n\r\n\/* \r\n** Button Styles \r\n*\/\r\n\r\n.wpcf7-form .button {\r\n    background-color: #72be44;\r\n    border: 0;\r\n    color: #fff;\r\n    border-radius: 1px;\r\n    font-weight: 700;\r\n    text-align: center;\r\n    text-transform: uppercase;\r\n    margin-bottom: 15px;\r\n    width: auto;\r\n    padding: 20px 42px;\r\n    letter-spacing: 2px;\r\n    font-size: 14px;\r\n}\r\n\r\n.wpcf7-form .button:hover {\r\n    cursor: pointer;\r\n    box-shadow: 0px 7px 16px -7px rgba(0, 0, 0, 0.4);\r\n    border: 0;\r\n}\r\n<\/style>\n\n\n\n<div style=\"height:160px\" aria-hidden=\"true\" class=\"wp-block-spacer\"><\/div>\n\n<figure class=\"wp-block-image aligncenter size-full\"><img loading=\"lazy\" decoding=\"async\" width=\"734\" height=\"129\" src=\"https:\/\/eom-dl.eu\/wp-content\/uploads\/2023\/10\/3er-Logo.jpg\" alt=\"\" class=\"wp-image-1935\" srcset=\"https:\/\/eom-dl.eu\/wp-content\/uploads\/2023\/10\/3er-Logo.jpg 734w, https:\/\/eom-dl.eu\/wp-content\/uploads\/2023\/10\/3er-Logo-300x53.jpg 300w\" sizes=\"auto, (max-width: 734px) 100vw, 734px\" \/><\/figure>\n\n<h4 class=\"wp-block-heading has-text-align-center has-medium-font-size\"><strong>Funktionaler Raum &#8211; Entwicklungskonzept Oberes Moseltal (EOM) \u2013 Zone Fonctionelle<\/strong><\/h4>\n","protected":false},"excerpt":{"rendered":"<p>info@eom-dl.eu T\u00e9l: +352 75 01 39&nbsp;&nbsp; Entwicklungskonzept Oberes Moseltal23, route de Tr\u00e8ves&nbsp;&nbsp;&nbsp;&nbsp;&nbsp;&nbsp; L-6793 Grevenmacher&gt; Plan d&rsquo;acc\u00e8s (s&rsquo;ouvre sur Google Maps) &nbsp;&nbsp;&nbsp;<\/p>\n","protected":false},"author":1,"featured_media":0,"parent":0,"menu_order":0,"comment_status":"closed","ping_status":"closed","template":"","meta":{"footnotes":""},"class_list":["post-67","page","type-page","status-publish","hentry"],"_links":{"self":[{"href":"https:\/\/eom-dl.eu\/fr\/wp-json\/wp\/v2\/pages\/67","targetHints":{"allow":["GET"]}}],"collection":[{"href":"https:\/\/eom-dl.eu\/fr\/wp-json\/wp\/v2\/pages"}],"about":[{"href":"https:\/\/eom-dl.eu\/fr\/wp-json\/wp\/v2\/types\/page"}],"author":[{"embeddable":true,"href":"https:\/\/eom-dl.eu\/fr\/wp-json\/wp\/v2\/users\/1"}],"replies":[{"embeddable":true,"href":"https:\/\/eom-dl.eu\/fr\/wp-json\/wp\/v2\/comments?post=67"}],"version-history":[{"count":10,"href":"https:\/\/eom-dl.eu\/fr\/wp-json\/wp\/v2\/pages\/67\/revisions"}],"predecessor-version":[{"id":2071,"href":"https:\/\/eom-dl.eu\/fr\/wp-json\/wp\/v2\/pages\/67\/revisions\/2071"}],"wp:attachment":[{"href":"https:\/\/eom-dl.eu\/fr\/wp-json\/wp\/v2\/media?parent=67"}],"curies":[{"name":"wp","href":"https:\/\/api.w.org\/{rel}","templated":true}]}}