{"id":670,"date":"2023-08-03T10:15:48","date_gmt":"2023-08-03T08:15:48","guid":{"rendered":"http:\/\/eom.roomtrix.de\/impressum\/"},"modified":"2023-09-11T16:03:40","modified_gmt":"2023-09-11T14:03:40","slug":"mentions-legales","status":"publish","type":"page","link":"https:\/\/eom-dl.eu\/fr\/mentions-legales\/","title":{"rendered":"Mentions l\u00e9gales"},"content":{"rendered":"\n<p><strong>Entwicklungskonzept Oberes Moseltal<\/strong> <strong>(EOM)<\/strong><br><br>Martin G\u00fcdelh\u00f6fer<br>Gestionnaire r\u00e9gional pour l&rsquo;EOM<br><br>23, route de Tr\u00e8ves, L-6793 Grevenmacher<br><br>BP 57, L-6701 Grevenmacher<br><br>T\u00e9l: +352 75 01 39<br>Fax: +352 75 88 82<br><br>Mail: <a href=\"mailto:info@eom-dl.eu\">info@eom-dl.eu<\/a><\/p>\n","protected":false},"excerpt":{"rendered":"<p>Entwicklungskonzept Oberes Moseltal (EOM) Martin G\u00fcdelh\u00f6ferGestionnaire r\u00e9gional pour l&rsquo;EOM 23, route de Tr\u00e8ves, L-6793 Grevenmacher BP 57, L-6701 Grevenmacher T\u00e9l: +352 75 01 39Fax: +352 75 88 82 Mail: info@eom-dl.eu<\/p>\n","protected":false},"author":1,"featured_media":0,"parent":0,"menu_order":0,"comment_status":"closed","ping_status":"closed","template":"","meta":{"footnotes":""},"class_list":["post-670","page","type-page","status-publish","hentry"],"_links":{"self":[{"href":"https:\/\/eom-dl.eu\/fr\/wp-json\/wp\/v2\/pages\/670","targetHints":{"allow":["GET"]}}],"collection":[{"href":"https:\/\/eom-dl.eu\/fr\/wp-json\/wp\/v2\/pages"}],"about":[{"href":"https:\/\/eom-dl.eu\/fr\/wp-json\/wp\/v2\/types\/page"}],"author":[{"embeddable":true,"href":"https:\/\/eom-dl.eu\/fr\/wp-json\/wp\/v2\/users\/1"}],"replies":[{"embeddable":true,"href":"https:\/\/eom-dl.eu\/fr\/wp-json\/wp\/v2\/comments?post=670"}],"version-history":[{"count":1,"href":"https:\/\/eom-dl.eu\/fr\/wp-json\/wp\/v2\/pages\/670\/revisions"}],"predecessor-version":[{"id":672,"href":"https:\/\/eom-dl.eu\/fr\/wp-json\/wp\/v2\/pages\/670\/revisions\/672"}],"wp:attachment":[{"href":"https:\/\/eom-dl.eu\/fr\/wp-json\/wp\/v2\/media?parent=670"}],"curies":[{"name":"wp","href":"https:\/\/api.w.org\/{rel}","templated":true}]}}